{"id":2,"date":"2023-08-28T19:15:14","date_gmt":"2023-08-28T17:15:14","guid":{"rendered":"http:\/\/bcv94.com\/?page_id=2"},"modified":"2024-09-07T07:53:54","modified_gmt":"2024-09-07T05:53:54","slug":"page-d-exemple","status":"publish","type":"page","link":"https:\/\/bcv94.com\/","title":{"rendered":"Actualit\u00e9"},"content":{"rendered":"\n<p class=\"has-text-align-center has-white-color has-text-color has-background has-medium-font-size\" style=\"background-color:#00d18445;font-style:normal;font-weight:700\">Bienvenue sur le site officiel du club de basket de Villiers-sur-marne !<\/p>\n\n\n\n<p class=\"has-white-color has-text-color has-medium-font-size\">Venez nous rejoindre le samedi 7 septembre, entre 9h et 17h, au Forum des associations de Villiers sur marne, Place Remoiville, pour \u00e9changer et tout savoir de la saison qui commence. Les membres du staff et les coaches seront l\u00e0 pour vous renseigner et \u00e9galement vous guider pour votre inscription.<\/p>\n\n\n\n<p class=\"has-white-color has-text-color has-medium-font-size\">Bonne saison \u00e0 tous, et \u00e0 tr\u00e9s vite sur les parquets !<\/p>\n\n\n\n<p class=\"has-white-color has-text-color has-medium-font-size\">L&#8217;\u00e9quipe du BCV<\/p>\n\n\n\n<div class=\"wp-block-file\"><object class=\"wp-block-file__embed\" data=\"https:\/\/bcv94.com\/wp-content\/uploads\/2024\/09\/rentree-des-commercants-2024.pdf\" type=\"application\/pdf\" style=\"width:100%;height:600px\" aria-label=\"Embed of rentree-des-commercants-2024.\"><\/object><a id=\"wp-block-file--media-bc859855-5b12-4e11-8e46-ef07022bb9cd\" href=\"https:\/\/bcv94.com\/wp-content\/uploads\/2024\/09\/rentree-des-commercants-2024.pdf\">rentree-des-commercants-2024<\/a><a href=\"https:\/\/bcv94.com\/wp-content\/uploads\/2024\/09\/rentree-des-commercants-2024.pdf\" class=\"wp-block-file__button wp-element-button\" download aria-describedby=\"wp-block-file--media-bc859855-5b12-4e11-8e46-ef07022bb9cd\">Download<\/a><\/div>\n","protected":false},"excerpt":{"rendered":"<p>Bienvenue sur le site officiel du club de basket de Villiers-sur-marne ! Venez nous rejoindre le samedi 7 septembre, entre 9h et 17h, au Forum des associations de Villiers sur marne, Place Remoiville, pour \u00e9changer et tout savoir de la saison qui commence. Les membres du staff et les coaches seront l\u00e0 pour vous renseigner [&hellip;]<\/p>\n","protected":false},"author":1,"featured_media":0,"parent":0,"menu_order":0,"comment_status":"closed","ping_status":"open","template":"","meta":{"footnotes":""},"aioseo_notices":[],"_links":{"self":[{"href":"https:\/\/bcv94.com\/index.php\/wp-json\/wp\/v2\/pages\/2"}],"collection":[{"href":"https:\/\/bcv94.com\/index.php\/wp-json\/wp\/v2\/pages"}],"about":[{"href":"https:\/\/bcv94.com\/index.php\/wp-json\/wp\/v2\/types\/page"}],"author":[{"embeddable":true,"href":"https:\/\/bcv94.com\/index.php\/wp-json\/wp\/v2\/users\/1"}],"replies":[{"embeddable":true,"href":"https:\/\/bcv94.com\/index.php\/wp-json\/wp\/v2\/comments?post=2"}],"version-history":[{"count":31,"href":"https:\/\/bcv94.com\/index.php\/wp-json\/wp\/v2\/pages\/2\/revisions"}],"predecessor-version":[{"id":543,"href":"https:\/\/bcv94.com\/index.php\/wp-json\/wp\/v2\/pages\/2\/revisions\/543"}],"wp:attachment":[{"href":"https:\/\/bcv94.com\/index.php\/wp-json\/wp\/v2\/media?parent=2"}],"curies":[{"name":"wp","href":"https:\/\/api.w.org\/{rel}","templated":true}]}}